{"id":1910,"date":"2026-02-09T16:20:30","date_gmt":"2026-02-09T15:20:30","guid":{"rendered":"https:\/\/fse-national.fr\/?page_id=1910"},"modified":"2026-05-05T11:52:33","modified_gmt":"2026-05-05T09:52:33","slug":"la-fse-lance-sa-campagne-de-dons","status":"publish","type":"page","link":"https:\/\/fse-national.fr\/?page_id=1910","title":{"rendered":"LA FSE LANCE SA CAMPAGNE DE DONS !"},"content":{"rendered":"\n<figure class=\"wp-block-image alignfull size-full\"><img decoding=\"async\" src=\"https:\/\/fse-national.fr\/wp-content\/uploads\/2026\/01\/banniere-campagne-de-dons-V2.svg\" alt=\"\" class=\"wp-image-1943\"\/><\/figure>\n\n\n<div class=\"tpgb-empty-space tpgb-block-533b_1910 \"><\/div>\n\n\n<div class=\"wp-block-brad-border-box\">\t\t\t<iframe\n\t\t\t\tid=\"idIframe\"\n\t\t\t\tsrc=\"https:\/\/www.helloasso.com\/associations\/federation-syndicale-etudiante\/formulaires\/4\/widget\"\n\t\t\t\theight=750px\"\t\t\t\twidth=100%\"\t\t\t\tframeborder=\"0\"\n\t\t\t\tloading=\"lazy\"\n\t\t\t\tallowtransparency=\"true\"\n\t\t\t\tonload=\"resizeIframeMessage()\"><\/iframe>\n<\/div>\n\n\n<div  class=\"tpgb-container-row tpgb-block-7380_1910    alignwide  tpgb-container-inline  tpgb-container-wide \" data-id=\"7380_1910 \"   ><div class=\"tpgb-cont-in\">\n<div class=\"tpgb-empty-space tpgb-block-1063_1910 \"><\/div>\n<\/div><\/div>\n\n<div  class=\"tpgb-container-row tpgb-block-8d30_1910    alignwide  tpgb-container-inline  tpgb-container-wide \" data-id=\"8d30_1910 \"   ><div class=\"tpgb-cont-in\">\n<div class=\"tpgb-empty-space tpgb-block-971a_1910 \"><\/div>\n<\/div><\/div>\n\n<div  class=\"tpgb-container-row tpgb-block-96e2_1910    alignwide  tpgb-container-inline  tpgb-container-wide \" data-id=\"96e2_1910 \"   ><div class=\"tpgb-cont-in\">\n\n<p class=\"has-theme-palette-1-color has-text-color\"><strong>Depuis plus de 6 ans la FSE aide les \u00e9tudiants et lutte au quotidien pour une universit\u00e9 publique, gratuite et ouverte \u00e0 tous. <\/strong>C&rsquo;est un syndicat de lutte, de classe et de victoire qui a grandi et qui est d\u00e9sormais pr\u00e9sent sur 20 campus en France. <strong>Aujourd&rsquo;hui la FSE lance sa campagne de dons et c&rsquo;est le meilleur moyen de financer \u00e0 un syndicalisme de lutte, de terrain et combatif !<\/strong><\/p>\n\n\n\n<p class=\"has-theme-palette-1-color has-text-color\">La FSE continue de grandir chaque jour, et cette campagne de dons te permet de participer \u00e0 son d\u00e9veloppement. <strong>En donnant \u00e0 la FSE, tu participes \u00e0 la solidarit\u00e9, <\/strong>qu&rsquo;on organise chaque jour sur nos campus. C&rsquo;est cette solidarit\u00e9 qui nous finance :<strong> la solidarit\u00e9 de classe, nous nous armons nous-m\u00eame en nous organisons contre les attaques du gouvernement et de toutes les franges r\u00e9actionnaires de la soci\u00e9t\u00e9.<\/strong><\/p>\n\n\n\n<p class=\"has-theme-palette-1-color has-text-color\">Donner \u00e0 la FSE c&rsquo;est soutenir la lutte anti-imp\u00e9rialiste. <strong>Seule la FSE a \u00e9t\u00e9 capable de bloquer 9 facs simultan\u00e9ment pour exiger la lib\u00e9ration de Georges Ibrahim Abdallah.<\/strong> La FSE fait r\u00e9sonner chaque jour les voix anti-imp\u00e9rialistes, les voix des peuples opprim\u00e9s et les voix de ceux qui sont r\u00e9prim\u00e9s pour leur d\u00e9fense.<\/p>\n\n\n\n<p class=\"has-theme-palette-1-color has-text-color\"><strong>Donner \u00e0 la FSE c&rsquo;est aussi nous soutenir face \u00e0 la r\u00e9pression. <\/strong>Si nos camarades sont r\u00e9prim\u00e9s partout en France, si l&rsquo;on essaye de nous emp\u00eacher de mener nos actions syndicales sur nos facs ou en Cit\u00e9 U, c&rsquo;est que nous faisons trembler les institutions, qu&rsquo;elles savent que nous ne nous tairons jamais, peu importe la r\u00e9pression, et que nous allons continuer \u00e0 nous mobiliser pour d\u00e9fendre nos droits, ceux de tous les \u00e9tudiants et que nous allons continuer \u00e0 pousser une ligne anti-imp\u00e9rialiste partout l&rsquo;o\u00f9 nous sommes pr\u00e9sent-es.<\/p>\n\n\n\n<p class=\"has-theme-palette-1-color has-text-color\"><strong>Donner \u00e0 la FSE, c&rsquo;est prendre part \u00e0 la lutte, et \u00e0 la victoire <\/strong>!<\/p>\n\n<\/div><\/div>\n\n<div  class=\"tpgb-container-row tpgb-block-f347_1910    alignwide  tpgb-container-inline  tpgb-container-wide \" data-id=\"f347_1910 \"   ><div class=\"tpgb-cont-in\">\n<div class=\"tpgb-empty-space tpgb-block-47d2_1910 \"><\/div>\n<\/div><\/div>\n\n<div class=\"wp-block-image\">\n<figure class=\"aligncenter size-large\"><img fetchpriority=\"high\" decoding=\"async\" width=\"1024\" height=\"171\" src=\"https:\/\/fse-national.fr\/wp-content\/uploads\/2026\/01\/ILS-NOUS-SOUTIENNENT-1024x171.png\" alt=\"\" class=\"wp-image-1935\" srcset=\"https:\/\/fse-national.fr\/wp-content\/uploads\/2026\/01\/ILS-NOUS-SOUTIENNENT-1024x171.png 1024w, https:\/\/fse-national.fr\/wp-content\/uploads\/2026\/01\/ILS-NOUS-SOUTIENNENT-300x50.png 300w, https:\/\/fse-national.fr\/wp-content\/uploads\/2026\/01\/ILS-NOUS-SOUTIENNENT-768x128.png 768w, https:\/\/fse-national.fr\/wp-content\/uploads\/2026\/01\/ILS-NOUS-SOUTIENNENT-1536x256.png 1536w, https:\/\/fse-national.fr\/wp-content\/uploads\/2026\/01\/ILS-NOUS-SOUTIENNENT-2048x341.png 2048w\" sizes=\"(max-width: 1024px) 100vw, 1024px\" \/><\/figure><\/div>\n\n<div  class=\"tpgb-wrap-4da1_1910  tpgb-wrap-fw alignwide \"  ><div class=\"tpgb-testimonials tpgb-relative-block testimonial-style-2  tpgb-block-4da1_1910  alignwide  tpgb-isotope \"  data-layout=\"masonry\" data-id=\"4da1_1910\"  ><div class=\"post-loop-inner tpgb-row\"><div class=\"grid-item  tpgb-col tpgb-col-lg-6 tpgb-col-md-6 tpgb-col-sm-12 tpgb-col-12 tp-repeater-item-cvi9\" ><div class=\"testimonial-list-content\" ><div class=\"testimonial-content-text\"><div class=\"entry-content scroll-on-hover\">\u00ab\u00a0La FSE c&rsquo;est un syndicat qui ne fait pas de la cogestion, qui lutte contre les pr\u00e9sidences et pour les int\u00e9r\u00eats des \u00e9tudiant-es, pas seulement en parole, pas seulement en fa\u00e7ade comme le font beaucoup de syndicats r\u00e9volutionnaires, (&#8230;) qui a fait nombre de blocus, qui est pr\u00e9sent sur le domaine administratif, th\u00e9orique, sur la vie \u00e9tudiante, sur les CROUS, sur les mobilisations, sur Parcoursup : qui fait \u00e9norm\u00e8ment de travail. Elle a \u00e9t\u00e9 \u00e9galement pr\u00e9sente en d\u00e9fense des r\u00e9prim\u00e9s pro-palestiniens, que ce soit pour Georges Abdallah, pour les r\u00e9prim\u00e9s dans tous les mouvements sociaux.\u00a0\u00bb<\/div><h3 class=\"testi-author-title title-scroll-on-hover\">Une raison pour laquelle il faut donner \u00e0 la  FSE, c&#039;est d\u00e9velopper un vrai syndicat \u00e9tudiant r\u00e9volutionnaire qui n&#039;a pas peur de se battre pour la d\u00e9fense des \u00e9tudiant-es \ud83d\udea9<\/h3><\/div><div class=\"post-content-image\"><div class=\"author-thumb\"><img decoding=\"async\" width=\"300\" height=\"300\" src=\"https:\/\/fse-national.fr\/wp-content\/uploads\/2026\/02\/Post-loi-Yadan-11-x-11-cm-300x300.png\" class=\"attachment-medium size-medium\" alt=\"Post loi Yadan (11 x 11 cm)\" srcset=\"https:\/\/fse-national.fr\/wp-content\/uploads\/2026\/02\/Post-loi-Yadan-11-x-11-cm-300x300.png 300w, https:\/\/fse-national.fr\/wp-content\/uploads\/2026\/02\/Post-loi-Yadan-11-x-11-cm-1024x1024.png 1024w, https:\/\/fse-national.fr\/wp-content\/uploads\/2026\/02\/Post-loi-Yadan-11-x-11-cm-150x150.png 150w, https:\/\/fse-national.fr\/wp-content\/uploads\/2026\/02\/Post-loi-Yadan-11-x-11-cm-768x768.png 768w, https:\/\/fse-national.fr\/wp-content\/uploads\/2026\/02\/Post-loi-Yadan-11-x-11-cm-700x700.png 700w, https:\/\/fse-national.fr\/wp-content\/uploads\/2026\/02\/Post-loi-Yadan-11-x-11-cm.png 1299w\" sizes=\"(max-width: 300px) 100vw, 300px\" \/><\/div><div class=\"testi-post-title\">Alex<\/div><div class=\"testi-post-designation\">Ligue de la Jeunesse R\u00e9volutionnaire<\/div><\/div><\/div><\/div><div class=\"grid-item  tpgb-col tpgb-col-lg-6 tpgb-col-md-6 tpgb-col-sm-12 tpgb-col-12 tp-repeater-item-qbva\" ><div class=\"testimonial-list-content\" ><div class=\"testimonial-content-text\"><div class=\"entry-content scroll-on-hover\">Une f\u00e9d\u00e9ration syndicale \u00e9tudiante d\u00e9termin\u00e9e et combative pleinement engag\u00e9s sur le terrain des luttes pour la d\u00e9fense concr\u00e8te des int\u00e9r\u00eats et des droits des \u00e9tudiants, mais aussi en les repla\u00e7ant dans le cadre qui est le leur, celui de la lutte des classes sur le plan national et international. La FSE porte bien son nom, celui d&rsquo;un syndicat pour la solidarit\u00e9, pour la lutte et pour la victoire. Un syndicat pour la solidarit\u00e9 avec tous les exploit\u00e9s et tous les opprim\u00e9s. avec tous les discrimin\u00e9s et tous les r\u00e9prim\u00e9s, avec tous les r\u00e9fugi\u00e9s et tous les prisonniers, et en soutien \u00e0 toutes les voix qui se l\u00e8vent et r\u00e9sistent, \u00e0 toutes les formes de domination, d&rsquo;exploitation et d&rsquo;oppression, car la r\u00e9sistance est un droit et on a raison de se r\u00e9volter. <\/div><h3 class=\"testi-author-title title-scroll-on-hover\">La FSE porte bien son nom, celui d&#039;un syndicat pour la solidarit\u00e9, pour la lutte et pour la victoire \ud83d\udea9<\/h3><\/div><div class=\"post-content-image\"><div class=\"author-thumb\"><img decoding=\"async\" width=\"300\" height=\"300\" src=\"https:\/\/fse-national.fr\/wp-content\/uploads\/2026\/02\/IMG_1455-300x300.jpg\" class=\"attachment-medium size-medium\" alt=\"IMG_1455\" srcset=\"https:\/\/fse-national.fr\/wp-content\/uploads\/2026\/02\/IMG_1455-300x300.jpg 300w, https:\/\/fse-national.fr\/wp-content\/uploads\/2026\/02\/IMG_1455-150x150.jpg 150w, https:\/\/fse-national.fr\/wp-content\/uploads\/2026\/02\/IMG_1455-700x700.jpg 700w, https:\/\/fse-national.fr\/wp-content\/uploads\/2026\/02\/IMG_1455.jpg 735w\" sizes=\"(max-width: 300px) 100vw, 300px\" \/><\/div><div class=\"testi-post-title\">Campagne Unitaire pour la Lib\u00e9ration de Georges Ibrahim Abdallah<\/div><\/div><\/div><\/div><div class=\"grid-item  tpgb-col tpgb-col-lg-6 tpgb-col-md-6 tpgb-col-sm-12 tpgb-col-12 tp-repeater-item-wj89\" ><div class=\"testimonial-list-content\" ><div class=\"testimonial-content-text\"><div class=\"entry-content scroll-on-hover\">La FSE, c&rsquo;est une organisation avec laquelle on est proche depuis longtemps, depuis notre fondation, o\u00f9 ils ont su concr\u00e8tement nous aider. Localement, on sait que les \u00e9tudiants peuvent compter sur eux et localement, on sait aussi, en tant qu&rsquo;organisation trans, qu&rsquo;on peut compter sur eux. Dans des villes comme Lille, Strasbourg, Saint-Denis, on a pu travailler ensemble concr\u00e8tement pour am\u00e9liorer les conditions d&rsquo;\u00e9tudes des trans. La FSE, c&rsquo;est un syndicat de lutte qui lutte contre l&rsquo;islamophobie, qui aide les \u00e9tudiants \u00e9trangers et qui organise les \u00e9tudiants jusque dans leurs r\u00e9sidences universitaires, quelque chose qui n&rsquo;\u00e9tait pas fait depuis 25 ans.<\/div><h3 class=\"testi-author-title title-scroll-on-hover\">C&#039;est une \u00e9vidence de soutenir un syndicat qui est anti-imp\u00e9rialiste, qui est proche de la CGT et qui est proche des collectifs sans-papiers \ud83d\udea9<\/h3><\/div><div class=\"post-content-image\"><div class=\"author-thumb\"><img loading=\"lazy\" decoding=\"async\" width=\"225\" height=\"225\" src=\"https:\/\/fse-national.fr\/wp-content\/uploads\/2026\/02\/images.jpeg\" class=\"attachment-medium size-medium\" alt=\"images\" srcset=\"https:\/\/fse-national.fr\/wp-content\/uploads\/2026\/02\/images.jpeg 225w, https:\/\/fse-national.fr\/wp-content\/uploads\/2026\/02\/images-150x150.jpeg 150w, https:\/\/fse-national.fr\/wp-content\/uploads\/2026\/02\/images-700x700.jpeg 700w\" sizes=\"(max-width: 225px) 100vw, 225px\" \/><\/div><div class=\"testi-post-title\">Organisation de Solidarit\u00e9 Trans<\/div><\/div><\/div><\/div><div class=\"grid-item  tpgb-col tpgb-col-lg-6 tpgb-col-md-6 tpgb-col-sm-12 tpgb-col-12 tp-repeater-item-yrl8\" ><div class=\"testimonial-list-content\" ><div class=\"testimonial-content-text\"><div class=\"entry-content scroll-on-hover\">Nous on a des habitudes militantes avec la FSE, des combats communs sur les questions de l&rsquo;imp\u00e9rialisme, sur les questions de la paix, sur les questions aussi des droits sociaux pour la jeunesse. Avoir une structure qui organise la jeunesse dans les facs, qui porte les revendications singuli\u00e8res des jeunes et des \u00e9tudiants, c&rsquo;est important. Et c&rsquo;est pour \u00e7a qu&rsquo;on appelle \u00e0 soutenir la FSE, c&rsquo;est une organisation qui est sur le terrain, qui organise des initiatives concr\u00e8tes, des tournois de foot pour collecter de l&rsquo;argent \u00e0 Gaza, des mobilisations autour des probl\u00e9matiques de ramassage des ordures m\u00e9nag\u00e8res dans les quartiers populaires, etc. On a \u00e0 diff\u00e9rentes occasions milit\u00e9 ensemble et on esp\u00e8re les voir grandir pour continuer \u00e0 nous battre ensemble.<\/div><h3 class=\"testi-author-title title-scroll-on-hover\">Voir une structure qui organise la jeunesse dans les facs, qui porte les revendications singuli\u00e8res des jeunes et des \u00e9tudiants, c&#039;est important \ud83d\udea9<\/h3><\/div><div class=\"post-content-image\"><div class=\"author-thumb\"><img loading=\"lazy\" decoding=\"async\" width=\"190\" height=\"265\" src=\"https:\/\/fse-national.fr\/wp-content\/uploads\/2026\/02\/images-1.jpeg\" class=\"attachment-medium size-medium\" alt=\"images (1)\" \/><\/div><div class=\"testi-post-title\">Kamel Brahmi<\/div><div class=\"testi-post-designation\">CGT 93<\/div><\/div><\/div><\/div><div class=\"grid-item  tpgb-col tpgb-col-lg-6 tpgb-col-md-6 tpgb-col-sm-12 tpgb-col-12 tp-repeater-item-1s1q\" ><div class=\"testimonial-list-content\" ><div class=\"testimonial-content-text\"><div class=\"entry-content scroll-on-hover\">On parle de financer le fait d&rsquo;\u00eatre pr\u00e9sent et de pousser nos mots d&rsquo;ordre et nos luttes de mani\u00e8re concr\u00e8te et massive dans toutes les facs. La FSE, c&rsquo;est le rare syndicat de gauche qui n&rsquo;a jamais baiss\u00e9 les yeux face aux luttes sociales, antiracistes, anti-imp\u00e9rialistes ou encore lorsqu&rsquo;il fallait en fait combattre concr\u00e8tement les fascistes \u00e0 l&rsquo;int\u00e9rieur de nos facult\u00e9s ou \u00e0 l&rsquo;ext\u00e9rieur. L&rsquo;int\u00e9r\u00eat de financer la FSE, c&rsquo;est de financer un militantisme quotidien sur toutes nos facs, de permettre aux \u00e9tudiants et aux \u00e9tudiantes de s&rsquo;organiser collectivement et de lutter ensemble pour leurs conditions de vie. Syndiquez-vous \u00e0 la FSE, renforcez-la et on se verra dans les prochaines mobilisations dans toute la France.<\/div><h3 class=\"testi-author-title title-scroll-on-hover\"> L&#039;int\u00e9r\u00eat de financer la FSE, c&#039;est de financer un militantisme quotidien sur toutes nos facs, de permettre aux \u00e9tudiants et aux \u00e9tudiantes de s&#039;organiser collectivement et de lutter ensemble pour leurs conditions de vie \ud83d\udea9<\/h3><\/div><div class=\"post-content-image\"><div class=\"author-thumb\"><img loading=\"lazy\" decoding=\"async\" width=\"300\" height=\"300\" src=\"https:\/\/fse-national.fr\/wp-content\/uploads\/2026\/02\/AzWLlBt__400x400-300x300.jpg\" class=\"attachment-medium size-medium\" alt=\"AzWLlBt__400x400\" srcset=\"https:\/\/fse-national.fr\/wp-content\/uploads\/2026\/02\/AzWLlBt__400x400-300x300.jpg 300w, https:\/\/fse-national.fr\/wp-content\/uploads\/2026\/02\/AzWLlBt__400x400-150x150.jpg 150w, https:\/\/fse-national.fr\/wp-content\/uploads\/2026\/02\/AzWLlBt__400x400-700x700.jpg 700w, https:\/\/fse-national.fr\/wp-content\/uploads\/2026\/02\/AzWLlBt__400x400.jpg 400w\" sizes=\"(max-width: 300px) 100vw, 300px\" \/><\/div><div class=\"testi-post-title\">Romain Reviens<\/div><div class=\"testi-post-designation\">@romainreviens<\/div><\/div><\/div><\/div><div class=\"grid-item  tpgb-col tpgb-col-lg-6 tpgb-col-md-6 tpgb-col-sm-12 tpgb-col-12 tp-repeater-item-j53r\" ><div class=\"testimonial-list-content\" ><div class=\"testimonial-content-text\"><div class=\"entry-content scroll-on-hover\">Donc soutenir la FSE, c&rsquo;est comme soutenir le Collectif des \u00c9tudiants \u00c9trangers car cette organisation se bat quotidiennement contre vent et mar\u00e9e pour le collectif. A savoir qu&rsquo;en d\u00e9but octobre, cette organisation s&rsquo;est beaucoup mobilis\u00e9e autour des inscriptions, allant jusqu&rsquo;\u00e0 forcer l&rsquo;administration permettant ainsi l&rsquo;inscription \u00e0 plusieurs \u00e9tudiants \u00e9trangers. Par ailleurs, cette organisation est all\u00e9e jusqu&rsquo;\u00e0 forcer le CROUS \u00e0 obtenir des logements vides et plusieurs milliers d&rsquo;aides financi\u00e8res pour des \u00e9tudiants en situation irr\u00e9guli\u00e8re.<\/div><h3 class=\"testi-author-title title-scroll-on-hover\">Soutenir la FSE, c&#039;est comme soutenir le Collectif des \u00c9tudiants \u00c9trangers \ud83d\udea9<\/h3><\/div><div class=\"post-content-image\"><div class=\"author-thumb\"><img loading=\"lazy\" decoding=\"async\" width=\"224\" height=\"225\" src=\"https:\/\/fse-national.fr\/wp-content\/uploads\/2026\/02\/images-2.jpeg\" class=\"attachment-medium size-medium\" alt=\"images (2)\" srcset=\"https:\/\/fse-national.fr\/wp-content\/uploads\/2026\/02\/images-2.jpeg 224w, https:\/\/fse-national.fr\/wp-content\/uploads\/2026\/02\/images-2-150x150.jpeg 150w, https:\/\/fse-national.fr\/wp-content\/uploads\/2026\/02\/images-2-700x700.jpeg 700w\" sizes=\"(max-width: 224px) 100vw, 224px\" \/><\/div><div class=\"testi-post-title\">Collectif des \u00c9tudiants \u00c9trangers<\/div><\/div><\/div><\/div><div class=\"grid-item  tpgb-col tpgb-col-lg-6 tpgb-col-md-6 tpgb-col-sm-12 tpgb-col-12 tp-repeater-item-wd1g\" ><div class=\"testimonial-list-content\" ><div class=\"testimonial-content-text\"><div class=\"entry-content scroll-on-hover\">La FSE c\u2019est un syndicat qui milite partout en France au sein des campus, des universit\u00e9s, des facs, notamment sur la question palestinienne o\u00f9 ils ont fait un travail extraordinaire depuis le d\u00e9but du g\u00e9nocide pour sensibiliser et mobiliser les \u00e9tudiants sur cette question l\u00e0, sur des questions anti-imp\u00e9rialistes sur lesquelles on a pu collaborer, on a pu se rejoindre.<\/div><h3 class=\"testi-author-title title-scroll-on-hover\">En tant que r\u00e9prim\u00e9, j&#039;ai connu perquisition confiscation de mon materiel journalistique, gel des avoirs (&#8230;) c\u2019\u00e9tait le seul syndicat qui m&#039;a vraiment soutenu jusqu&#039;\u00e0 la porte du tribunal \ud83d\udea9<\/h3><\/div><div class=\"post-content-image\"><div class=\"author-thumb\"><img loading=\"lazy\" decoding=\"async\" width=\"240\" height=\"300\" src=\"https:\/\/fse-national.fr\/wp-content\/uploads\/2026\/02\/Journaliste_Shahin_Hazamy-e1772177727383-240x300.jpg\" class=\"attachment-medium size-medium\" alt=\"Journaliste_Shahin_Hazamy\" srcset=\"https:\/\/fse-national.fr\/wp-content\/uploads\/2026\/02\/Journaliste_Shahin_Hazamy-e1772177727383-240x300.jpg 240w, https:\/\/fse-national.fr\/wp-content\/uploads\/2026\/02\/Journaliste_Shahin_Hazamy-e1772177727383.jpg 550w\" sizes=\"(max-width: 240px) 100vw, 240px\" \/><\/div><div class=\"testi-post-title\">Shahin Hazamy<\/div><div class=\"testi-post-designation\">Journaliste ind\u00e9pendant \/ militant pro-palestinien<\/div><\/div><\/div><\/div><div class=\"grid-item  tpgb-col tpgb-col-lg-6 tpgb-col-md-6 tpgb-col-sm-12 tpgb-col-12 tp-repeater-item-ksxo\" ><div class=\"testimonial-list-content\" ><div class=\"testimonial-content-text\"><div class=\"entry-content scroll-on-hover\">C&rsquo;est un syndicat qui monte, qui a besoin de fond. La FSE c\u2019est un syndicat \u00e9tudiant qui a beaucoup particip\u00e9 \u00e0 toutes nos luttes sur la r\u00e9formes des retraites, mais \u00e9galement contre l&rsquo;extreme droite et pour la Palestine. Ce serait bien qu&rsquo;on mette le pied \u00e0 l&rsquo;\u00e9trier \u00e0 cette graine de syndicalistes ! <\/div><h3 class=\"testi-author-title title-scroll-on-hover\">La FSE c\u2019est un syndicat \u00e9tudiant qui a beaucoup particip\u00e9 \u00e0 toutes nos luttes sur la r\u00e9formes des retraites, mais \u00e9galement contre l&#039;extreme droite et pour la Palestine \ud83d\udea9<\/h3><\/div><div class=\"post-content-image\"><div class=\"author-thumb\"><img loading=\"lazy\" decoding=\"async\" width=\"300\" height=\"300\" src=\"https:\/\/fse-national.fr\/wp-content\/uploads\/2026\/02\/laurent-feisthauer-secretaire-general-de-la-cgt-du-bas-rhin-photo-archives-michel-frison-1720726456-e1772177970985-300x300.jpg\" class=\"attachment-medium size-medium\" alt=\"laurent-feisthauer-secretaire-general-de-la-cgt-du-bas-rhin-photo-archives-michel-frison-1720726456\" srcset=\"https:\/\/fse-national.fr\/wp-content\/uploads\/2026\/02\/laurent-feisthauer-secretaire-general-de-la-cgt-du-bas-rhin-photo-archives-michel-frison-1720726456-e1772177970985-300x300.jpg 300w, https:\/\/fse-national.fr\/wp-content\/uploads\/2026\/02\/laurent-feisthauer-secretaire-general-de-la-cgt-du-bas-rhin-photo-archives-michel-frison-1720726456-e1772177970985-1024x1024.jpg 1024w, https:\/\/fse-national.fr\/wp-content\/uploads\/2026\/02\/laurent-feisthauer-secretaire-general-de-la-cgt-du-bas-rhin-photo-archives-michel-frison-1720726456-e1772177970985-150x150.jpg 150w, https:\/\/fse-national.fr\/wp-content\/uploads\/2026\/02\/laurent-feisthauer-secretaire-general-de-la-cgt-du-bas-rhin-photo-archives-michel-frison-1720726456-e1772177970985-768x768.jpg 768w, https:\/\/fse-national.fr\/wp-content\/uploads\/2026\/02\/laurent-feisthauer-secretaire-general-de-la-cgt-du-bas-rhin-photo-archives-michel-frison-1720726456-e1772177970985-700x700.jpg 700w, https:\/\/fse-national.fr\/wp-content\/uploads\/2026\/02\/laurent-feisthauer-secretaire-general-de-la-cgt-du-bas-rhin-photo-archives-michel-frison-1720726456-e1772177970985.jpg 1067w\" sizes=\"(max-width: 300px) 100vw, 300px\" \/><\/div><div class=\"testi-post-title\">Laurent Feisthauer<\/div><div class=\"testi-post-designation\">Secr\u00e9taire G\u00e9n\u00e9ral de l&#039;UD CGT Bas-Rhin<\/div><\/div><\/div><\/div><div class=\"grid-item  tpgb-col tpgb-col-lg-6 tpgb-col-md-6 tpgb-col-sm-12 tpgb-col-12 tp-repeater-item-onls\" ><div class=\"testimonial-list-content\" ><div class=\"testimonial-content-text\"><div class=\"entry-content scroll-on-hover\">Tout au long de l&rsquo;ann\u00e9e, avec les camarades de la FSE on est sur des luttes communes, notamment la d\u00e9fense des services publics face \u00e0 l&rsquo;offensive de la bourgeoisie. (&#8230;) Nous avec les camarades de la FSE, on d\u00e9fend les hopitaux, les services publics, les universit\u00e9s, partout o\u00f9 il y a besoin de budget et certainement pas dans celui de l&rsquo;arm\u00e9e<\/div><h3 class=\"testi-author-title title-scroll-on-hover\">Nous avec les camarades de la FSE, on d\u00e9fend les h\u00f4pitaux, les services publics, les universit\u00e9s, partout o\u00f9 il y a besoin de budget et certainement pas dans celui de l&#039;arm\u00e9e<\/h3><\/div><div class=\"post-content-image\"><div class=\"author-thumb\"><img loading=\"lazy\" decoding=\"async\" width=\"200\" height=\"235\" src=\"https:\/\/fse-national.fr\/wp-content\/uploads\/2026\/02\/Logo-cgt-rec-jaune-1.png\" class=\"attachment-medium size-medium\" alt=\"Logo-cgt-rec-jaune-1\" \/><\/div><div class=\"testi-post-title\">Sophie<\/div><div class=\"testi-post-designation\">Secr\u00e9taire g\u00e9n\u00e9rale de la CGT CHRU Nancy<\/div><\/div><\/div><\/div><\/div><\/div><\/div>\n\n<div  class=\"tpgb-container-row tpgb-block-efcc_1910    alignwide  tpgb-container-inline  tpgb-container-wide \" data-id=\"efcc_1910 \"   ><div class=\"tpgb-cont-in\">\n<div class=\"tpgb-empty-space tpgb-block-0d43_1910 \"><\/div>\n<\/div><\/div>\n\n<div id=\"don\" class=\"tpgb-container-row tpgb-block-11bf_1910   don alignwide  tpgb-container-inline  tpgb-container-wide \" data-id=\"11bf_1910 \"   ><div class=\"tpgb-cont-in\"><\/div><\/div>","protected":false},"excerpt":{"rendered":"","protected":false},"author":1,"featured_media":1943,"parent":0,"menu_order":0,"comment_status":"closed","ping_status":"closed","template":"","meta":{"tpgb_global_settings":"","_kad_post_transparent":"disable","_kad_post_title":"default","_kad_post_layout":"default","_kad_post_sidebar_id":"","_kad_post_content_style":"","_kad_post_vertical_padding":"bottom","_kad_post_feature":"","_kad_post_feature_position":"","_kad_post_header":true,"_kad_post_footer":false,"_kad_post_classname":"","footnotes":""},"class_list":["post-1910","page","type-page","status-publish","has-post-thumbnail","hentry"],"tpgb_featured_images":{"full":["https:\/\/fse-national.fr\/wp-content\/uploads\/2026\/01\/banniere-campagne-de-dons-V2.svg",0,0,false],"tp-image-grid":["https:\/\/fse-national.fr\/wp-content\/uploads\/2026\/01\/banniere-campagne-de-dons-V2.svg",1,1,false],"thumbnail":["https:\/\/fse-national.fr\/wp-content\/uploads\/2026\/01\/banniere-campagne-de-dons-V2.svg",1,1,false],"medium":["https:\/\/fse-national.fr\/wp-content\/uploads\/2026\/01\/banniere-campagne-de-dons-V2.svg",1,1,false],"medium_large":["https:\/\/fse-national.fr\/wp-content\/uploads\/2026\/01\/banniere-campagne-de-dons-V2.svg",1,1,false],"large":["https:\/\/fse-national.fr\/wp-content\/uploads\/2026\/01\/banniere-campagne-de-dons-V2.svg",1,1,false],"default":"https:\/\/fse-national.fr\/wp-content\/plugins\/the-plus-addons-for-block-editor\/assets\/images\/tpgb-placeholder.jpg"},"tpgb_post_meta_info":{"get_date":"9 f\u00e9vrier 2026","get_modified_date":"5 mai 2026","author_name":"FSErpz","author_url":"https:\/\/fse-national.fr\/?author=1","author_email":"centra.fse@gmail.com","author_website":"","author_description":"","author_facebook":"","author_twitter":"","author_instagram":"","author_role":["administrator"],"author_firstname":"","author_lastname":"","user_login":"FSErpz","comment_count":0,"post_likes":0,"post_views":0},"tpgb_post_category":[],"_links":{"self":[{"href":"https:\/\/fse-national.fr\/index.php?rest_route=\/wp\/v2\/pages\/1910","targetHints":{"allow":["GET"]}}],"collection":[{"href":"https:\/\/fse-national.fr\/index.php?rest_route=\/wp\/v2\/pages"}],"about":[{"href":"https:\/\/fse-national.fr\/index.php?rest_route=\/wp\/v2\/types\/page"}],"author":[{"embeddable":true,"href":"https:\/\/fse-national.fr\/index.php?rest_route=\/wp\/v2\/users\/1"}],"replies":[{"embeddable":true,"href":"https:\/\/fse-national.fr\/index.php?rest_route=%2Fwp%2Fv2%2Fcomments&post=1910"}],"version-history":[{"count":120,"href":"https:\/\/fse-national.fr\/index.php?rest_route=\/wp\/v2\/pages\/1910\/revisions"}],"predecessor-version":[{"id":2157,"href":"https:\/\/fse-national.fr\/index.php?rest_route=\/wp\/v2\/pages\/1910\/revisions\/2157"}],"wp:featuredmedia":[{"embeddable":true,"href":"https:\/\/fse-national.fr\/index.php?rest_route=\/wp\/v2\/media\/1943"}],"wp:attachment":[{"href":"https:\/\/fse-national.fr\/index.php?rest_route=%2Fwp%2Fv2%2Fmedia&parent=1910"}],"curies":[{"name":"wp","href":"https:\/\/api.w.org\/{rel}","templated":true}]}}